{"id":159,"date":"2010-08-27T00:11:10","date_gmt":"2010-08-26T23:11:10","guid":{"rendered":"http:\/\/www.kruisboog-hadewijch.be\/?page_id=159"},"modified":"2024-10-18T11:00:19","modified_gmt":"2024-10-18T10:00:19","slug":"explovita","status":"publish","type":"page","link":"https:\/\/www.kruisboog-hadewijch.be\/?page_id=159","title":{"rendered":"Explovita (agenda)"},"content":{"rendered":"<p>Klik op \u00e9\u00e9n van onderstaande links om de explovita van je tak te bekijken:<\/p>\n<ul style=\"list-style-type: square; text-decoration: none;\">\n<li><a style=\"text-decoration: none; color: black;\" title=\"Kapoenen\" href=\"http:\/\/www.kruisboog-hadewijch.be\/?page_id=2028\">Kapoenen<\/a><\/li>\n<li><a style=\"text-decoration: none; color: black;\" title=\"Wouters\" href=\"http:\/\/www.kruisboog-hadewijch.be\/?page_id=2030\">Wouters<\/a><\/li>\n<li><a style=\"text-decoration: none; color: black;\" title=\"Jojo\u2019s\" href=\"http:\/\/www.kruisboog-hadewijch.be\/?page_id=2032\">Jojo&#8217;s<\/a><\/li>\n<li><a style=\"text-decoration: none; color: black;\" title=\"Givers\" href=\"http:\/\/www.kruisboog-hadewijch.be\/?page_id=2034\">Givers<\/a><\/li>\n<\/ul>\n<p>Klik op \u00e9\u00e9n van onderstaande links om het kampboekje van je tak te bekijken:<\/p>\n<ul style=\"list-style-type: square; text-decoration: none;\">\n<li><a style=\"text-decoration: none; color: black;\" title=\"Kapoenen\" href=\"http:\/\/kruisboog-hadewijch.be\/?page_id=4016\">Kapoenen<\/a><\/li>\n<li><a style=\"text-decoration: none; color: black;\" title=\"Wouters\" href=\"http:\/\/kruisboog-hadewijch.be\/?page_id=4023\">Wouters<\/a><\/li>\n<li><a style=\"text-decoration: none; color: black;\" title=\"Jojo\u2019s\" href=\"https:\/\/www.kruisboog-hadewijch.be\/?page_id=4029\">Jojo&#8217;s<\/a><\/li>\n<li><a style=\"text-decoration: none; color: black;\" title=\"Givers\" href=\"https:\/\/www.kruisboog-hadewijch.be\/?page_id=4019\">Givers<\/a><\/li>\n<\/ul>\n","protected":false},"excerpt":{"rendered":"<p>Klik op \u00e9\u00e9n van onderstaande links om de explovita van je tak te bekijken: Kapoenen Wouters Jojo&#8217;s Givers Klik op \u00e9\u00e9n van onderstaande links om het kampboekje van je tak te bekijken: Kapoenen Wouters Jojo&#8217;s Givers<\/p>\n","protected":false},"author":10,"featured_media":0,"parent":0,"menu_order":2,"comment_status":"closed","ping_status":"closed","template":"","meta":{"footnotes":""},"_links":{"self":[{"href":"https:\/\/www.kruisboog-hadewijch.be\/index.php?rest_route=\/wp\/v2\/pages\/159"}],"collection":[{"href":"https:\/\/www.kruisboog-hadewijch.be\/index.php?rest_route=\/wp\/v2\/pages"}],"about":[{"href":"https:\/\/www.kruisboog-hadewijch.be\/index.php?rest_route=\/wp\/v2\/types\/page"}],"author":[{"embeddable":true,"href":"https:\/\/www.kruisboog-hadewijch.be\/index.php?rest_route=\/wp\/v2\/users\/10"}],"replies":[{"embeddable":true,"href":"https:\/\/www.kruisboog-hadewijch.be\/index.php?rest_route=%2Fwp%2Fv2%2Fcomments&post=159"}],"version-history":[{"count":67,"href":"https:\/\/www.kruisboog-hadewijch.be\/index.php?rest_route=\/wp\/v2\/pages\/159\/revisions"}],"predecessor-version":[{"id":4141,"href":"https:\/\/www.kruisboog-hadewijch.be\/index.php?rest_route=\/wp\/v2\/pages\/159\/revisions\/4141"}],"wp:attachment":[{"href":"https:\/\/www.kruisboog-hadewijch.be\/index.php?rest_route=%2Fwp%2Fv2%2Fmedia&parent=159"}],"curies":[{"name":"wp","href":"https:\/\/api.w.org\/{rel}","templated":true}]}}